{"id":279,"date":"2023-11-09T21:35:07","date_gmt":"2023-11-09T20:35:07","guid":{"rendered":"http:\/\/krabcom.fr\/?page_id=279"},"modified":"2024-01-12T14:30:27","modified_gmt":"2024-01-12T13:30:27","slug":"krab-qui","status":"publish","type":"page","link":"https:\/\/krabcom.fr\/index.php\/krab-qui\/","title":{"rendered":"Krab-qui&#160;?"},"content":{"rendered":"<p>[et_pb_section fb_built=&#8221;1&#8243; _builder_version=&#8221;4.23.1&#8243; _module_preset=&#8221;default&#8221; background_color=&#8221;#f7f7f7&#8243; custom_padding=&#8221;||45px|||&#8221; global_colors_info=&#8221;{}&#8221;][et_pb_row _builder_version=&#8221;4.23.1&#8243; _module_preset=&#8221;default&#8221; custom_padding=&#8221;||17px|||&#8221; global_colors_info=&#8221;{}&#8221;][et_pb_column type=&#8221;4_4&#8243; _builder_version=&#8221;4.23.1&#8243; _module_preset=&#8221;default&#8221; global_colors_info=&#8221;{}&#8221;][dsm_block_reveal_text block_reveal_text=&#8221;Les racines du Krab&#8221; _builder_version=&#8221;4.23.1&#8243; _module_preset=&#8221;default&#8221; header_font=&#8221;Work Sans|500|||||||&#8221; header_text_align=&#8221;left&#8221; global_colors_info=&#8221;{}&#8221;][\/dsm_block_reveal_text][et_pb_text _builder_version=&#8221;4.23.1&#8243; _module_preset=&#8221;default&#8221; header_3_font=&#8221;|300|||||||&#8221; custom_margin=&#8221;-1px|||||&#8221; global_colors_info=&#8221;{}&#8221;]<\/p>\n<h3><span style=\"color: #333333;\">Mais alors quels crabes se cachent\u00a0derri\u00e8re le com&#160;? <\/span><\/h3>\n<p>[\/et_pb_text][\/et_pb_column][\/et_pb_row][et_pb_row column_structure=&#8221;1_3,2_3&#8243; _builder_version=&#8221;4.23.1&#8243; _module_preset=&#8221;default&#8221; global_colors_info=&#8221;{}&#8221;][et_pb_column type=&#8221;1_3&#8243; _builder_version=&#8221;4.23.1&#8243; _module_preset=&#8221;default&#8221; global_colors_info=&#8221;{}&#8221;][et_pb_image src=&#8221;https:\/\/krabcom.fr\/wp-content\/uploads\/2023\/11\/h.png&#8221; title_text=&#8221;h&#8221; align=&#8221;center&#8221; _builder_version=&#8221;4.23.1&#8243; _module_preset=&#8221;default&#8221; width=&#8221;50%&#8221; hover_enabled=&#8221;0&#8243; global_colors_info=&#8221;{}&#8221; width_last_edited=&#8221;on|phone&#8221; sticky_enabled=&#8221;0&#8243; width_tablet=&#8221;47%&#8221; width_phone=&#8221;71%&#8221;][\/et_pb_image][\/et_pb_column][et_pb_column type=&#8221;2_3&#8243; _builder_version=&#8221;4.23.1&#8243; _module_preset=&#8221;default&#8221; global_colors_info=&#8221;{}&#8221;][et_pb_text _builder_version=&#8221;4.23.1&#8243; _module_preset=&#8221;default&#8221; text_font_size=&#8221;15px&#8221; text_line_height=&#8221;1.4em&#8221; module_alignment=&#8221;left&#8221; custom_margin=&#8221;35px|||-81px||&#8221; hover_enabled=&#8221;0&#8243; global_colors_info=&#8221;{}&#8221; custom_margin_last_edited=&#8221;on|tablet&#8221; custom_margin_tablet=&#8221;5px|||0px|false|false&#8221; sticky_enabled=&#8221;0&#8243; custom_margin_phone=&#8221;5px|||0px|false|false&#8221;]<\/p>\n<p>En 2016, apr\u00e8s avoir dirig\u00e9 plusieurs services de communication, Herveline Barbarin se lance dans l\u2019aventure de l\u2019entreprenariat avec Krabcom. L\u2019id\u00e9e&#160;? une agence de communication tous terrains, avec, \u00e0 la base de tout, ce qu\u2019elle sait faire de mieux&#160;: les mots. Elle met donc au service de ses clients ses comp\u00e9tences en conception-r\u00e9daction pour tous leurs besoins&#160;: articles, site internet, plaquettes, vid\u00e9os, podcast, tribunes, analyses\u2026<\/p>\n<p>\u00c9couter les clients pour les aider \u00e0 mieux raconter leurs histoires, \u00e0 d\u00e9fendre leurs id\u00e9es, maintenir le lien ou encore se faire conna\u00eetre, c\u2019est sa mission et le c\u0153ur de son savoir-faire&#160;!<\/p>\n<p>[\/et_pb_text][\/et_pb_column][\/et_pb_row][et_pb_row column_structure=&#8221;1_3,2_3&#8243; _builder_version=&#8221;4.23.1&#8243; _module_preset=&#8221;default&#8221; custom_padding=&#8221;29px|||||&#8221; global_colors_info=&#8221;{}&#8221;][et_pb_column type=&#8221;1_3&#8243; _builder_version=&#8221;4.23.1&#8243; _module_preset=&#8221;default&#8221; global_colors_info=&#8221;{}&#8221;][et_pb_image src=&#8221;https:\/\/krabcom.fr\/wp-content\/uploads\/2023\/11\/m.png&#8221; title_text=&#8221;m&#8221; align=&#8221;center&#8221; _builder_version=&#8221;4.23.1&#8243; _module_preset=&#8221;default&#8221; width=&#8221;50%&#8221; hover_enabled=&#8221;0&#8243; global_colors_info=&#8221;{}&#8221; width_last_edited=&#8221;on|phone&#8221; sticky_enabled=&#8221;0&#8243; width_tablet=&#8221;55%&#8221; width_phone=&#8221;61%&#8221;][\/et_pb_image][\/et_pb_column][et_pb_column type=&#8221;2_3&#8243; _builder_version=&#8221;4.23.1&#8243; _module_preset=&#8221;default&#8221; global_colors_info=&#8221;{}&#8221;][et_pb_text _builder_version=&#8221;4.23.1&#8243; _module_preset=&#8221;default&#8221; text_font_size=&#8221;15px&#8221; text_line_height=&#8221;1.4em&#8221; module_alignment=&#8221;left&#8221; custom_margin=&#8221;50px|||-81px||&#8221; hover_enabled=&#8221;0&#8243; global_colors_info=&#8221;{}&#8221; custom_margin_last_edited=&#8221;on|desktop&#8221; custom_margin_tablet=&#8221;5px|||0px|false|false&#8221; sticky_enabled=&#8221;0&#8243; custom_margin_phone=&#8221;5px|||0px|false|false&#8221;]<\/p>\n<p>Et pour r\u00e9aliser tous ces projets, rien n\u2019est possible sans <a href=\"https:\/\/machamachi.com\">Marie-Charlotte Yao<\/a>. V\u00e9ritable couteau suisse de l\u2019image, Macha met en image les projets&#160;: maquette, story-board, montage, motion design&#8230; Une collaboration solide qui dure depuis 2014 quand ces deux-l\u00e0 se sont retrouv\u00e9es \u00e0 travailler sur leurs premiers projets communs dans le m\u00eame service de communication. Une collaboration qui n\u2019a jamais cess\u00e9 depuis&#160;: l\u2019une en Bretagne et l\u2019autre en Grande-Bretagne, tout fonctionne \u00e0 merveille.<\/p>\n<p>[\/et_pb_text][\/et_pb_column][\/et_pb_row][\/et_pb_section]<\/p>\n","protected":false},"excerpt":{"rendered":"<p><div class=\"et_pb_module dsm_block_reveal_text dsm_block_reveal_text_0\">\n\t\t\t\t\n\t\t\t\t\n\t\t\t\t\n\t\t\t\t\n\t\t\t\t\n\t\t\t\t\n\t\t\t\t<div class=\"et_pb_module_inner\">\n\t\t\t\t\t<div class=\"dsm_block_reveal_text_wrapper\" data-dsm-block-reveal-animation=\"lr\" data-dsm-block-reveal-color=\"#f47f67\" data-dsm-block-reveal-delay=\"0.1\" data-dsm-block-reveal-viewport=\"80%\"><h2 class=\"dsm_block_reveal_text_header et_pb_module_header\">Les racines du Krab<\/h2><\/div>\n\t\t\t\t<\/div>\n\t\t\t<\/div>Mais alors quels crabes se cachent\u00a0derri\u00e8re le com ? En 2016, apr\u00e8s avoir dirig\u00e9 plusieurs services de communication, Herveline Barbarin se lance dans l\u2019aventure de l\u2019entreprenariat avec Krabcom. L\u2019id\u00e9e\u00a0? une agence de communication tous terrains, avec, \u00e0 la base de tout, ce qu\u2019elle sait faire [&hellip;]<\/p>\n","protected":false},"author":1,"featured_media":0,"parent":0,"menu_order":0,"comment_status":"closed","ping_status":"closed","template":"","meta":{"_et_pb_use_builder":"on","_et_pb_old_content":"","_et_gb_content_width":"","footnotes":""},"_links":{"self":[{"href":"https:\/\/krabcom.fr\/index.php\/wp-json\/wp\/v2\/pages\/279"}],"collection":[{"href":"https:\/\/krabcom.fr\/index.php\/wp-json\/wp\/v2\/pages"}],"about":[{"href":"https:\/\/krabcom.fr\/index.php\/wp-json\/wp\/v2\/types\/page"}],"author":[{"embeddable":true,"href":"https:\/\/krabcom.fr\/index.php\/wp-json\/wp\/v2\/users\/1"}],"replies":[{"embeddable":true,"href":"https:\/\/krabcom.fr\/index.php\/wp-json\/wp\/v2\/comments?post=279"}],"version-history":[{"count":8,"href":"https:\/\/krabcom.fr\/index.php\/wp-json\/wp\/v2\/pages\/279\/revisions"}],"predecessor-version":[{"id":389,"href":"https:\/\/krabcom.fr\/index.php\/wp-json\/wp\/v2\/pages\/279\/revisions\/389"}],"wp:attachment":[{"href":"https:\/\/krabcom.fr\/index.php\/wp-json\/wp\/v2\/media?parent=279"}],"curies":[{"name":"wp","href":"https:\/\/api.w.org\/{rel}","templated":true}]}}